{"id":78,"date":"2021-10-28T13:01:38","date_gmt":"2021-10-28T13:01:38","guid":{"rendered":"http:\/\/www.fenikstrade.rs\/?page_id=78"},"modified":"2022-12-21T19:47:30","modified_gmt":"2022-12-21T19:47:30","slug":"granicno-prijavljivanje","status":"publish","type":"page","link":"http:\/\/www.fenikstrade.rs\/en\/granicno-prijavljivanje\/","title":{"rendered":"Border reporting"},"content":{"rendered":"<div id=\"themify_builder_content-78\" data-postid=\"78\" class=\"themify_builder_content themify_builder_content-78 themify_builder\">\n    \t<!-- module_row -->\n\t<div   class=\"themify_builder_row module_row clearfix repeat module_row_0 themify_builder_78_row module_row_78-0 tb_7ovc412 hide-tablet hide-mobile\">\n\t    \t    <div class=\"row_inner col_align_top\" >\n\t\t\t<div  class=\"module_column tb-column col-full first tb_78_column module_column_0 module_column_78-0-0 tb_rvkt413 repeat\" >\n\t    \t    \t        <div class=\"tb-column-inner\">\n\t\t    \t<div  class=\"themify_builder_sub_row module_subrow clearfix repeat sub_row_0-0-0 tb_xkge615\" >\n\t    \t    <div class=\"subrow_inner col_align_top\" >\n\t\t\t<div  class=\"sub_column module_column col-full first sub_column_post_78 sub_column_0-0-0-0 tb_sxxw616 repeat\" > \n\t    \t    \t        <div class=\"tb-column-inner\">\n\t\t        <!-- module image -->\n    <div  class=\"module module-image tb_7c2h887  image-center\">\n\t                <div class=\"image-wrap\">\n                            <img loading=\"lazy\" decoding=\"async\" width=\"1100\" height=\"619\" src=\"http:\/\/media.fenikstrade.rs\/2021\/11\/carina-granicni-prelaz-batrovci.jpg\" class=\"wp-post-image wp-image-205\" title=\"GRANICNI PRELAZ BATROVCI\" alt=\"GRANICNI PRELAZ BATROVCI\" srcset=\"https:\/\/media.fenikstrade.rs\/2021\/11\/carina-granicni-prelaz-batrovci.jpg 1100w, https:\/\/media.fenikstrade.rs\/2021\/11\/carina-granicni-prelaz-batrovci-300x169.jpg 300w, https:\/\/media.fenikstrade.rs\/2021\/11\/carina-granicni-prelaz-batrovci-1024x576.jpg 1024w, https:\/\/media.fenikstrade.rs\/2021\/11\/carina-granicni-prelaz-batrovci-768x432.jpg 768w\" sizes=\"auto, (max-width: 1100px) 100vw, 1100px\" \/>            \n                        <\/div>\n            <!-- \/image-wrap -->\n        \n        \n        <\/div>\n    <!-- \/module image -->\n\t        <\/div>\n\t    \t<\/div>\n\t\t    <\/div>\n\t<\/div><!-- \/themify_builder_sub_row -->\n\t\t        <\/div>\n\t    \t<\/div>\n\t\t    <\/div>\n\t    <!-- \/row_inner -->\n\t<\/div>\n\t<!-- \/module_row -->\n\t\t<!-- module_row -->\n\t<div   class=\"themify_builder_row module_row clearfix repeat module_row_1 themify_builder_78_row module_row_78-1 tb_ig4h823 hide-desktop hide-tablet_landscape\">\n\t    \t    <div class=\"row_inner col_align_top\" >\n\t\t\t<div  class=\"module_column tb-column col-full first tb_78_column module_column_0 module_column_78-1-0 tb_f6n4823 repeat\" >\n\t    \t    \t        <div class=\"tb-column-inner\">\n\t\t    \t<div  class=\"themify_builder_sub_row module_subrow clearfix repeat sub_row_1-0-0 tb_gd54823\" >\n\t    \t    <div class=\"subrow_inner col_align_top\" >\n\t\t\t<div  class=\"sub_column module_column col-full first sub_column_post_78 sub_column_1-0-0-0 tb_vuqy824 repeat\" > \n\t    \t    \t        <div class=\"tb-column-inner\">\n\t\t        <!-- module image -->\n    <div  class=\"module module-image tb_x3te824  image-center\">\n\t                <div class=\"image-wrap\">\n                            <img loading=\"lazy\" decoding=\"async\" width=\"1100\" height=\"619\" src=\"http:\/\/media.fenikstrade.rs\/2021\/11\/carina-granicni-prelaz-batrovci.jpg\" class=\"wp-post-image wp-image-205\" title=\"GRANICNI PRELAZ BATROVCI\" alt=\"GRANICNI PRELAZ BATROVCI\" srcset=\"https:\/\/media.fenikstrade.rs\/2021\/11\/carina-granicni-prelaz-batrovci.jpg 1100w, https:\/\/media.fenikstrade.rs\/2021\/11\/carina-granicni-prelaz-batrovci-300x169.jpg 300w, https:\/\/media.fenikstrade.rs\/2021\/11\/carina-granicni-prelaz-batrovci-1024x576.jpg 1024w, https:\/\/media.fenikstrade.rs\/2021\/11\/carina-granicni-prelaz-batrovci-768x432.jpg 768w\" sizes=\"auto, (max-width: 1100px) 100vw, 1100px\" \/>            \n                        <\/div>\n            <!-- \/image-wrap -->\n        \n        \n        <\/div>\n    <!-- \/module image -->\n\t        <\/div>\n\t    \t<\/div>\n\t\t    <\/div>\n\t<\/div><!-- \/themify_builder_sub_row -->\n\t\t        <\/div>\n\t    \t<\/div>\n\t\t    <\/div>\n\t    <!-- \/row_inner -->\n\t<\/div>\n\t<!-- \/module_row -->\n\t\t<!-- module_row -->\n\t<div   class=\"themify_builder_row module_row clearfix module_row_2 themify_builder_78_row module_row_78-2 tb_s6qy293 hide-tablet hide-mobile\">\n\t    \t    <div class=\"row_inner col_align_top\" >\n\t\t\t<div  class=\"module_column tb-column col-full first tb_78_column module_column_0 module_column_78-2-0 tb_5dn2295\">\n\t    \t    \t        <div class=\"tb-column-inner\">\n\t\t    <!-- module text -->\n<div  class=\"module module-text tb_3k15812\">\n            <div  class=\"tb_text_wrap\">\n    <h1 style=\"text-align: center;\">Border reporting<\/h1>\n<p style=\"text-align: justify;\"><span class=\"TextRun SCXW142100417 BCX8\" lang=\"SR-LATN-RS\" xml:lang=\"SR-LATN-RS\" data-contrast=\"auto\"><span class=\"NormalTextRun SCXW142100417 BCX8\">We have our offices at the Batrovci and \u0160id border crossings, where we report goods to customs upon entering the country, whether it is collective transport or full loads, which allows us to track the goods as soon as they cross the customs line. At the Batrovci border crossing, if the type of goods requires it,<\/span><\/span><span class=\"EOP BookmarkStart BookmarkEnd SCXW142100417 BCX8\" data-ccp-props=\"{&quot;201341983&quot;:0,&quot;335559739&quot;:160,&quot;335559740&quot;:259}\">\u00a0 we provide the services of submitting a request to the phyto and veterinary inspection service.<\/span><\/p>    <\/div>\n<\/div>\n<!-- \/module text -->\n\t        <\/div>\n\t    \t<\/div>\n\t\t    <\/div>\n\t    <!-- \/row_inner -->\n\t<\/div>\n\t<!-- \/module_row -->\n\t\t<!-- module_row -->\n\t<div   class=\"themify_builder_row module_row clearfix module_row_3 themify_builder_78_row module_row_78-3 tb_6vme628 hide-desktop hide-tablet_landscape\">\n\t    \t    <div class=\"row_inner col_align_top\" >\n\t\t\t<div  class=\"module_column tb-column col-full first tb_78_column module_column_0 module_column_78-3-0 tb_h4tx629\">\n\t    \t    \t        <div class=\"tb-column-inner\">\n\t\t    <!-- module text -->\n<div  class=\"module module-text tb_612s629\">\n            <div  class=\"tb_text_wrap\">\n    <h1 style=\"text-align: center;\">Border reporting<\/h1>\n<p style=\"text-align: justify;\"><span class=\"TextRun SCXW142100417 BCX8\" lang=\"SR-LATN-RS\" xml:lang=\"SR-LATN-RS\" data-contrast=\"auto\"><span class=\"NormalTextRun SCXW142100417 BCX8\">We have our offices at the Batrovci and \u0160id border crossings, where we report goods to customs upon entering the country, whether it is collective transport or full loads, which allows us to track the goods as soon as they cross the customs line. At the Batrovci border crossing, if the type of goods requires it,<\/span><\/span><span class=\"EOP BookmarkStart BookmarkEnd SCXW142100417 BCX8\" data-ccp-props=\"{&quot;201341983&quot;:0,&quot;335559739&quot;:160,&quot;335559740&quot;:259}\">\u00a0 we provide the services of submitting a request to the phyto and veterinary inspection service.<\/span><\/p>    <\/div>\n<\/div>\n<!-- \/module text -->\n\t        <\/div>\n\t    \t<\/div>\n\t\t    <\/div>\n\t    <!-- \/row_inner -->\n\t<\/div>\n\t<!-- \/module_row -->\n\t<\/div>","protected":false},"excerpt":{"rendered":"<p>Grani\u010dno prijavljivanje Posedujemo svoje kancelarije na grani\u010dnom prelazu Batrovci i \u0160id gde vr\u0161imo prijavljivanje roba carini, prilikom ulaska u zemlju, bilo da se radi o zbirnom transportu ili punim utovarima \u0161to nam omogu\u0107ava pra\u0107enje robe \u010dim pre\u0111e carinsku liniju.\u00a0 Na grani\u010dnom prelazu Batrovci ukoliko vrsta robe to zahteva vr\u0161imo usluge podno\u0161enja zahteva fito i veterinarskoj [&hellip;]<\/p>\n","protected":false},"author":1,"featured_media":0,"parent":0,"menu_order":0,"comment_status":"closed","ping_status":"closed","template":"","meta":{"footnotes":""},"class_list":["post-78","page","type-page","status-publish","hentry","has-post-title","has-post-date","has-post-category","has-post-tag","has-post-comment","has-post-author",""],"builder_content":"<img loading=\"lazy\" decoding=\"async\" width=\"1100\" height=\"619\" src=\"http:\/\/media.fenikstrade.rs\/2021\/11\/carina-granicni-prelaz-batrovci.jpg\" title=\"GRANICNI PRELAZ BATROVCI\" alt=\"GRANICNI PRELAZ BATROVCI\" srcset=\"https:\/\/media.fenikstrade.rs\/2021\/11\/carina-granicni-prelaz-batrovci.jpg 1100w, https:\/\/media.fenikstrade.rs\/2021\/11\/carina-granicni-prelaz-batrovci-300x169.jpg 300w, https:\/\/media.fenikstrade.rs\/2021\/11\/carina-granicni-prelaz-batrovci-1024x576.jpg 1024w, https:\/\/media.fenikstrade.rs\/2021\/11\/carina-granicni-prelaz-batrovci-768x432.jpg 768w\" sizes=\"auto, (max-width: 1100px) 100vw, 1100px\" \/>\n<img loading=\"lazy\" decoding=\"async\" width=\"1100\" height=\"619\" src=\"http:\/\/media.fenikstrade.rs\/2021\/11\/carina-granicni-prelaz-batrovci.jpg\" title=\"GRANICNI PRELAZ BATROVCI\" alt=\"GRANICNI PRELAZ BATROVCI\" srcset=\"https:\/\/media.fenikstrade.rs\/2021\/11\/carina-granicni-prelaz-batrovci.jpg 1100w, https:\/\/media.fenikstrade.rs\/2021\/11\/carina-granicni-prelaz-batrovci-300x169.jpg 300w, https:\/\/media.fenikstrade.rs\/2021\/11\/carina-granicni-prelaz-batrovci-1024x576.jpg 1024w, https:\/\/media.fenikstrade.rs\/2021\/11\/carina-granicni-prelaz-batrovci-768x432.jpg 768w\" sizes=\"auto, (max-width: 1100px) 100vw, 1100px\" \/>\n<h1 style=\"text-align: center;\">Grani\u010dno prijavljivanje<\/h1> <p style=\"text-align: justify;\">Posedujemo svoje kancelarije na grani\u010dnom prelazu Batrovci i \u0160id gde vr\u0161imo prijavljivanje roba carini, prilikom ulaska u zemlju, bilo da se radi o zbirnom transportu ili punim utovarima \u0161to nam omogu\u0107ava pra\u0107enje robe \u010dim pre\u0111e carinsku liniju.\u00a0 Na grani\u010dnom prelazu Batrovci ukoliko vrsta robe to zahteva vr\u0161imo usluge podno\u0161enja zahteva fito i veterinarskoj inspekciskoj slu\u017ebi.<\/p>\n<h1 style=\"text-align: center;\">Grani\u010dno prijavljivanje<\/h1> <p style=\"text-align: justify;\">Posedujemo svoje kancelarije na grani\u010dnom prelazu Batrovci i \u0160id gde vr\u0161imo prijavljivanje roba carini, prilikom ulaska u zemlju, bilo da se radi o zbirnom transportu ili punim utovarima \u0161to nam omogu\u0107ava pra\u0107enje robe \u010dim pre\u0111e carinsku liniju.\u00a0 Na grani\u010dnom prelazu Batrovci ukoliko vrsta robe to zahteva vr\u0161imo usluge podno\u0161enja zahteva fito i veterinarskoj inspekciskoj slu\u017ebi.<\/p>","_links":{"self":[{"href":"http:\/\/www.fenikstrade.rs\/en\/wp-json\/wp\/v2\/pages\/78","targetHints":{"allow":["GET"]}}],"collection":[{"href":"http:\/\/www.fenikstrade.rs\/en\/wp-json\/wp\/v2\/pages"}],"about":[{"href":"http:\/\/www.fenikstrade.rs\/en\/wp-json\/wp\/v2\/types\/page"}],"author":[{"embeddable":true,"href":"http:\/\/www.fenikstrade.rs\/en\/wp-json\/wp\/v2\/users\/1"}],"replies":[{"embeddable":true,"href":"http:\/\/www.fenikstrade.rs\/en\/wp-json\/wp\/v2\/comments?post=78"}],"version-history":[{"count":12,"href":"http:\/\/www.fenikstrade.rs\/en\/wp-json\/wp\/v2\/pages\/78\/revisions"}],"predecessor-version":[{"id":320,"href":"http:\/\/www.fenikstrade.rs\/en\/wp-json\/wp\/v2\/pages\/78\/revisions\/320"}],"wp:attachment":[{"href":"http:\/\/www.fenikstrade.rs\/en\/wp-json\/wp\/v2\/media?parent=78"}],"curies":[{"name":"wp","href":"https:\/\/api.w.org\/{rel}","templated":true}]}}