{"id":113,"date":"2021-11-03T18:07:34","date_gmt":"2021-11-03T18:07:34","guid":{"rendered":"http:\/\/www.fenikstrade.rs\/?page_id=113"},"modified":"2022-12-26T18:21:11","modified_gmt":"2022-12-26T18:21:11","slug":"carinjenje-vozila","status":"publish","type":"page","link":"https:\/\/www.fenikstrade.rs\/en\/carinjenje-vozila\/","title":{"rendered":"Import and export for individuals"},"content":{"rendered":"<div id=\"themify_builder_content-113\" data-postid=\"113\" class=\"themify_builder_content themify_builder_content-113 themify_builder\">\n    \t<!-- module_row -->\n\t<div   class=\"themify_builder_row module_row clearfix fullcover module_row_0 themify_builder_113_row module_row_113-0 tb_2ukn709 hide-tablet hide-mobile\">\n\t    \t    <div class=\"row_inner col_align_top\" >\n\t\t\t<div  class=\"module_column tb-column col-full first tb_113_column module_column_0 module_column_113-0-0 tb_f3ty709\">\n\t    \t    \t        <div class=\"tb-column-inner\">\n\t\t    <!-- module text -->\n<div  class=\"module module-text tb_ou2s709  repeat\">\n            <div  class=\"tb_text_wrap\">\n    <h1 style=\"text-align: left;\">Import and export for individuals<\/h1>    <\/div>\n<\/div>\n<!-- \/module text -->\n<!-- module text -->\n<div  class=\"module module-text tb_qou2709  repeat\">\n            <div  class=\"tb_text_wrap\">\n    <p style=\"text-align: justify;\"><span class=\"TextRun SCXW131818213 BCX8\" lang=\"EN-US\" xml:lang=\"EN-US\" data-contrast=\"auto\"><span class=\"NormalTextRun SpellingErrorV2Themed SCXW131818213 BCX8\">Ukoliko<\/span> <span class=\"NormalTextRun SpellingErrorV2Themed SCXW131818213 BCX8\">\u017eelite<\/span> <span class=\"NormalTextRun SpellingErrorV2Themed SCXW131818213 BCX8\">kao<\/span> <span class=\"NormalTextRun SpellingErrorV2Themed SCXW131818213 BCX8\">fizi\u010dko<\/span><span class=\"NormalTextRun SCXW131818213 BCX8\"> lice da <\/span><span class=\"NormalTextRun SpellingErrorV2Themed SCXW131818213 BCX8\">uvezete<\/span><span class=\"NormalTextRun SCXW131818213 BCX8\">\/<\/span><span class=\"NormalTextRun SpellingErrorV2Themed SCXW131818213 BCX8\">izvezete<\/span> <span class=\"NormalTextRun SpellingErrorV2Themed SCXW131818213 BCX8\">vozilo<\/span><span class=\"NormalTextRun SCXW131818213 BCX8\">, <\/span><span class=\"NormalTextRun SpellingErrorV2Themed SCXW131818213 BCX8\">selidbene<\/span> <span class=\"NormalTextRun SpellingErrorV2Themed SCXW131818213 BCX8\">stvari<\/span> <span class=\"NormalTextRun SpellingErrorV2Themed SCXW131818213 BCX8\">ili<\/span> <span class=\"NormalTextRun SpellingErrorV2Themed SCXW131818213 BCX8\">predmete<\/span><span class=\"NormalTextRun SCXW131818213 BCX8\"> za <\/span><span class=\"NormalTextRun SpellingErrorV2Themed SCXW131818213 BCX8\">li\u010dnu<\/span> <span class=\"NormalTextRun SpellingErrorV2Themed SCXW131818213 BCX8\">upotrebu<\/span> <span class=\"NormalTextRun SpellingErrorV2Themed SCXW131818213 BCX8\">mo\u017eemo<\/span><span class=\"NormalTextRun SCXW131818213 BCX8\"> da Vam <\/span><span class=\"NormalTextRun SpellingErrorV2Themed SCXW131818213 BCX8\">pomognemo<\/span><span class=\"NormalTextRun SCXW131818213 BCX8\">, <\/span><span class=\"NormalTextRun SpellingErrorV2Themed SCXW131818213 BCX8\">slobodno<\/span> <span class=\"NormalTextRun SpellingErrorV2Themed SCXW131818213 BCX8\">nam<\/span><span class=\"NormalTextRun SCXW131818213 BCX8\"> se <\/span><span class=\"NormalTextRun SpellingErrorV2Themed SCXW131818213 BCX8\">obratite<\/span><span class=\"NormalTextRun SCXW131818213 BCX8\">. <\/span><span class=\"NormalTextRun SpellingErrorV2Themed SCXW131818213 BCX8\">Vr\u0161imo<\/span> <span class=\"NormalTextRun SpellingErrorV2Themed SCXW131818213 BCX8\">uslugu<\/span> <span class=\"NormalTextRun SpellingErrorV2Themed SCXW131818213 BCX8\">carinjenja<\/span> <span class=\"NormalTextRun SpellingErrorV2Themed SCXW131818213 BCX8\">putni\u010dkih<\/span><span class=\"NormalTextRun SCXW131818213 BCX8\">, <\/span><span class=\"NormalTextRun SpellingErrorV2Themed SCXW131818213 BCX8\">teretnih<\/span> <span class=\"NormalTextRun SpellingErrorV2Themed SCXW131818213 BCX8\">i<\/span> <span class=\"NormalTextRun SpellingErrorV2Themed SCXW131818213 BCX8\">priklju\u010dnih<\/span> <span class=\"NormalTextRun SpellingErrorV2Themed SCXW131818213 BCX8\">vozila<\/span> <span class=\"NormalTextRun SpellingErrorV2Themed SCXW131818213 BCX8\">kao<\/span> <span class=\"NormalTextRun SpellingErrorV2Themed SCXW131818213 BCX8\">i<\/span> <span class=\"NormalTextRun SpellingErrorV2Themed SCXW131818213 BCX8\">carinjenje<\/span> <span class=\"NormalTextRun SpellingErrorV2Themed SCXW131818213 BCX8\">vozila-radnih<\/span> <span class=\"NormalTextRun SpellingErrorV2Themed SCXW131818213 BCX8\">ma\u0161ina<\/span><span class=\"NormalTextRun SCXW131818213 BCX8\">. <\/span><span class=\"NormalTextRun SpellingErrorV2Themed SCXW131818213 BCX8\">Ukoliko<\/span> <span class=\"NormalTextRun SpellingErrorV2Themed SCXW131818213 BCX8\">\u017eelite<\/span><span class=\"NormalTextRun SCXW131818213 BCX8\">, <\/span><span class=\"NormalTextRun SpellingErrorV2Themed SCXW131818213 BCX8\">brzu<\/span><span class=\"NormalTextRun SCXW131818213 BCX8\">, <\/span><span class=\"NormalTextRun SpellingErrorV2Themed SCXW131818213 BCX8\">efikasnu<\/span> <span class=\"NormalTextRun SpellingErrorV2Themed SCXW131818213 BCX8\">i<\/span> <span class=\"NormalTextRun SpellingErrorV2Themed SCXW131818213 BCX8\">kvalitetnu<\/span> <span class=\"NormalTextRun SpellingErrorV2Themed SCXW131818213 BCX8\">uslugu<\/span> <span class=\"NormalTextRun SpellingErrorV2Themed SCXW131818213 BCX8\">slobodno<\/span> <span class=\"NormalTextRun SpellingErrorV2Themed SCXW131818213 BCX8\">nam<\/span><span class=\"NormalTextRun SCXW131818213 BCX8\"> se <\/span><span class=\"NormalTextRun SpellingErrorV2Themed SCXW131818213 BCX8\">obratite<\/span><span class=\"NormalTextRun SCXW131818213 BCX8\">. Za <\/span><span class=\"NormalTextRun SpellingErrorV2Themed SCXW131818213 BCX8\">sve<\/span> <span class=\"NormalTextRun SpellingErrorV2Themed SCXW131818213 BCX8\">konsultacije<\/span> <span class=\"NormalTextRun SpellingErrorV2Themed SCXW131818213 BCX8\">stojimo<\/span><span class=\"NormalTextRun SCXW131818213 BCX8\"> Vam <\/span><span class=\"NormalTextRun SpellingErrorV2Themed SCXW131818213 BCX8\">na<\/span> <span class=\"NormalTextRun SpellingErrorV2Themed SCXW131818213 BCX8\">raspolaganju<\/span><span class=\"NormalTextRun SCXW131818213 BCX8\">. Na <\/span><span class=\"NormalTextRun SpellingErrorV2Themed SCXW131818213 BCX8\">sve<\/span> <span class=\"NormalTextRun SpellingErrorV2Themed SCXW131818213 BCX8\">nedoumice<\/span> <span class=\"NormalTextRun SpellingErrorV2Themed SCXW131818213 BCX8\">na\u0161i<\/span> <span class=\"NormalTextRun SpellingErrorV2Themed SCXW131818213 BCX8\">licencirani<\/span> <span class=\"NormalTextRun SpellingErrorV2Themed SCXW131818213 BCX8\">carinski<\/span> <span class=\"NormalTextRun SpellingErrorV2Themed SCXW131818213 BCX8\">zastupnici<\/span> <span class=\"NormalTextRun SpellingErrorV2Themed SCXW131818213 BCX8\">\u0107e<\/span><span class=\"NormalTextRun SCXW131818213 BCX8\"> Vam <\/span><span class=\"NormalTextRun SpellingErrorV2Themed SCXW131818213 BCX8\">rado<\/span> <span class=\"NormalTextRun SpellingErrorV2Themed SCXW131818213 BCX8\">odgovoriti<\/span><span class=\"NormalTextRun SCXW131818213 BCX8\">. Kako <\/span><span class=\"NormalTextRun SpellingErrorV2Themed SCXW131818213 BCX8\">bismo<\/span> <span class=\"NormalTextRun SpellingErrorV2Themed SCXW131818213 BCX8\">pru\u017eili<\/span> <span class=\"NormalTextRun SpellingErrorV2Themed SpellingErrorHighlight SCXW131818213 BCX8\">efikasniju<\/span> <span class=\"NormalTextRun SpellingErrorV2Themed SCXW131818213 BCX8\">uslugu<\/span><span class=\"NormalTextRun SCXW131818213 BCX8\"> u <\/span><span class=\"NormalTextRun SpellingErrorV2Themed SCXW131818213 BCX8\">ovoj<\/span> <span class=\"NormalTextRun SpellingErrorV2Themed SCXW131818213 BCX8\">oblasti<\/span> <span class=\"NormalTextRun SpellingErrorV2Themed SCXW131818213 BCX8\">imamo<\/span> <span class=\"NormalTextRun SpellingErrorV2Themed SCXW131818213 BCX8\">otvorenu<\/span> <span class=\"NormalTextRun SpellingErrorV2Themed SCXW131818213 BCX8\">kancelariju<\/span> <span class=\"NormalTextRun SpellingErrorV2Themed SCXW131818213 BCX8\">na<\/span> <span class=\"NormalTextRun SpellingErrorV2Themed SCXW131818213 BCX8\">carinskoj<\/span> <span class=\"NormalTextRun SpellingErrorV2Themed SCXW131818213 BCX8\">ispostavi<\/span><span class=\"NormalTextRun SCXW131818213 BCX8\"> za <\/span><span class=\"NormalTextRun SpellingErrorV2Themed SCXW131818213 BCX8\">carinjenje<\/span> <span class=\"NormalTextRun SpellingErrorV2Themed SCXW131818213 BCX8\">vozila<\/span><span class=\"NormalTextRun SCXW131818213 BCX8\">.<\/span><\/span><span class=\"EOP SCXW131818213 BCX8\" data-ccp-props=\"{&quot;201341983&quot;:0,&quot;335551550&quot;:6,&quot;335551620&quot;:6,&quot;335559739&quot;:160,&quot;335559740&quot;:259}\">\u00a0<\/span><\/p>    <\/div>\n<\/div>\n<!-- \/module text -->\n\t        <\/div>\n\t    \t<\/div>\n\t\t    <\/div>\n\t    <!-- \/row_inner -->\n\t<\/div>\n\t<!-- \/module_row -->\n\t<\/div>","protected":false},"excerpt":{"rendered":"<p>Uvoz i izvoz za fizi\u010dka lica Ukoliko \u017eelite kao fizi\u010dko lice da uvezete\/izvezete vozilo, selidbene stvari ili predmete za li\u010dnu upotrebu mo\u017eemo da Vam pomognemo, slobodno nam se obratite. Vr\u0161imo uslugu carinjenja putni\u010dkih, teretnih i priklju\u010dnih vozila kao i carinjenje vozila-radnih ma\u0161ina. Ukoliko \u017eelite, brzu, efikasnu i kvalitetnu uslugu slobodno nam se obratite. Za sve [&hellip;]<\/p>\n","protected":false},"author":1,"featured_media":0,"parent":0,"menu_order":0,"comment_status":"closed","ping_status":"closed","template":"","meta":{"footnotes":""},"class_list":["post-113","page","type-page","status-publish","hentry","has-post-title","has-post-date","has-post-category","has-post-tag","has-post-comment","has-post-author",""],"builder_content":"<h1 style=\"text-align: left;\">Uvoz i izvoz za fizi\u010dka lica<\/h1>\n<p style=\"text-align: justify;\">Ukoliko \u017eelite kao fizi\u010dko lice da uvezete\/izvezete vozilo, selidbene stvari ili predmete za li\u010dnu upotrebu mo\u017eemo da Vam pomognemo, slobodno nam se obratite. Vr\u0161imo uslugu carinjenja putni\u010dkih, teretnih i priklju\u010dnih vozila kao i carinjenje vozila-radnih ma\u0161ina. Ukoliko \u017eelite, brzu, efikasnu i kvalitetnu uslugu slobodno nam se obratite. Za sve konsultacije stojimo Vam na raspolaganju. Na sve nedoumice na\u0161i licencirani carinski zastupnici \u0107e Vam rado odgovoriti. Kako bismo pru\u017eili efikasniju uslugu u ovoj oblasti imamo otvorenu kancelariju na carinskoj ispostavi za carinjenje vozila.\u00a0<\/p>","_links":{"self":[{"href":"https:\/\/www.fenikstrade.rs\/en\/wp-json\/wp\/v2\/pages\/113","targetHints":{"allow":["GET"]}}],"collection":[{"href":"https:\/\/www.fenikstrade.rs\/en\/wp-json\/wp\/v2\/pages"}],"about":[{"href":"https:\/\/www.fenikstrade.rs\/en\/wp-json\/wp\/v2\/types\/page"}],"author":[{"embeddable":true,"href":"https:\/\/www.fenikstrade.rs\/en\/wp-json\/wp\/v2\/users\/1"}],"replies":[{"embeddable":true,"href":"https:\/\/www.fenikstrade.rs\/en\/wp-json\/wp\/v2\/comments?post=113"}],"version-history":[{"count":11,"href":"https:\/\/www.fenikstrade.rs\/en\/wp-json\/wp\/v2\/pages\/113\/revisions"}],"predecessor-version":[{"id":353,"href":"https:\/\/www.fenikstrade.rs\/en\/wp-json\/wp\/v2\/pages\/113\/revisions\/353"}],"wp:attachment":[{"href":"https:\/\/www.fenikstrade.rs\/en\/wp-json\/wp\/v2\/media?parent=113"}],"curies":[{"name":"wp","href":"https:\/\/api.w.org\/{rel}","templated":true}]}}