{"id":76,"date":"2021-10-28T13:01:18","date_gmt":"2021-10-28T13:01:18","guid":{"rendered":"http:\/\/www.fenikstrade.rs\/?page_id=76"},"modified":"2022-12-21T19:53:39","modified_gmt":"2022-12-21T19:53:39","slug":"carinsko-posredovanje","status":"publish","type":"page","link":"https:\/\/www.fenikstrade.rs\/en\/carinsko-posredovanje\/","title":{"rendered":"Customs brokerage"},"content":{"rendered":"<div id=\"themify_builder_content-76\" data-postid=\"76\" class=\"themify_builder_content themify_builder_content-76 themify_builder\">\n    \t<!-- module_row -->\n\t<div   class=\"themify_builder_row module_row clearfix repeat-y fullwidth module_row_1 themify_builder_76_row module_row_76-1 tb_bitb841 hide-tablet hide-mobile\">\n\t    \t    <div class=\"row_inner col_align_middle\" >\n\t\t\t<div  class=\"module_column tb-column col-full first tb_76_column module_column_0 module_column_76-1-0 tb_iaku843\" >\n\t    \t    \t<\/div>\n\t\t    <\/div>\n\t    <!-- \/row_inner -->\n\t<\/div>\n\t<!-- \/module_row -->\n\t\t<!-- module_row -->\n\t<div   class=\"themify_builder_row module_row clearfix best-fit-image fullwidth module_row_2 themify_builder_76_row module_row_76-2 tb_dfoc989 hide-desktop hide-tablet_landscape\">\n\t    \t    <div class=\"row_inner col_align_middle\" >\n\t\t\t<div  class=\"module_column tb-column col-full first tb_76_column module_column_0 module_column_76-2-0 tb_2qej990\" >\n\t    \t    \t<\/div>\n\t\t    <\/div>\n\t    <!-- \/row_inner -->\n\t<\/div>\n\t<!-- \/module_row -->\n\t\t<!-- module_row -->\n\t<div   class=\"themify_builder_row module_row clearfix module_row_3 themify_builder_76_row module_row_76-3 tb_z5wc882 hide-tablet hide-mobile\">\n\t    \t    <div class=\"row_inner col_align_top\" >\n\t\t\t<div  class=\"module_column tb-column col-full first tb_76_column module_column_0 module_column_76-3-0 tb_coqp883\" >\n\t    \t    \t        <div class=\"tb-column-inner\">\n\t\t    <!-- module text -->\n<div  class=\"module module-text tb_lts2972\">\n            <div  class=\"tb_text_wrap\">\n    <h2 style=\"text-align: center;\">Customs brokerage<\/h2>\n<p><strong>&#8211;\u00a0<\/strong> In the field of customs brokerage, we provide services for registration, accommodation and customs clearance of goods in import and export<br \/>be it final, partial or successive customs clearance.<\/p>\n<p><strong>&#8211;<\/strong>\u00a0 We provide temporary import<br \/>services and \nexport of goods, as well as activities of active and passive processing. We have a large bank guarantee<br \/>both for import and for internal (NT) and external transit (T1).<\/p>\n<p><strong>&#8211;<\/strong>\u00a0 We have the status of authorized recipient and sender at the customs office, which significantly speeds up the process<br \/>customs goods.<\/p>\n<p><strong>&#8211;\u00a0<\/strong> If you need consulting services in the field of foreign trade business, our licensees<br \/>customs agents are at your disposal.<\/p>\n<p><strong>&#8211;\u00a0<\/strong> Most of our clients, who use our services, came by recommendation, which we are particularly proud of.<\/p>    <\/div>\n<\/div>\n<!-- \/module text -->\n\t        <\/div>\n\t    \t<\/div>\n\t\t    <\/div>\n\t    <!-- \/row_inner -->\n\t<\/div>\n\t<!-- \/module_row -->\n\t\t<!-- module_row -->\n\t<div   class=\"themify_builder_row module_row clearfix module_row_4 themify_builder_76_row module_row_76-4 tb_p8zx779 hide-desktop hide-tablet_landscape\">\n\t    \t    <div class=\"row_inner col_align_top\" >\n\t\t\t<div  class=\"module_column tb-column col-full first tb_76_column module_column_0 module_column_76-4-0 tb_8wy1779\" >\n\t    \t    \t        <div class=\"tb-column-inner\">\n\t\t    <!-- module text -->\n<div  class=\"module module-text tb_2xtn779\">\n            <div  class=\"tb_text_wrap\">\n    <h2 style=\"text-align: center;\">Customs brokerage<\/h2>\n<p style=\"text-align: left;\"><strong>&#8211;\u00a0<\/strong> In the field of customs brokerage, we provide services for registration, accommodation and customs clearance of goods in import and export<br \/>be it final, partial or successive customs clearance.<\/p>\n<p style=\"text-align: left;\"><strong>&#8211;<\/strong>\u00a0 We provide temporary import<br \/>services and \nexport of goods, as well as activities of active and passive processing. We have a large bank guarantee<br \/>both for import and for internal (NT) and external transit (T1).<\/p>\n<p style=\"text-align: left;\"><strong>&#8211;<\/strong>\u00a0 We have the status of authorized recipient and sender at the customs office, which significantly speeds up the process<br \/>customs goods.<\/p>\n<p style=\"text-align: left;\"><strong>&#8211;\u00a0<\/strong> If you need consulting services in the field of foreign trade business, our licensees<br \/>customs agents are at your disposal.<\/p>\n<p style=\"text-align: left;\"><strong>&#8211;\u00a0<\/strong> Most of our clients, who use our services, came by recommendation, which we are particularly proud of.<\/p>    <\/div>\n<\/div>\n<!-- \/module text -->\n\t        <\/div>\n\t    \t<\/div>\n\t\t    <\/div>\n\t    <!-- \/row_inner -->\n\t<\/div>\n\t<!-- \/module_row -->\n\t<\/div>","protected":false},"excerpt":{"rendered":"<p>Carinsko posredovanje &#8211;\u00a0 U oblasti carinskog posredovanja vr\u0161imo usluge prijavljivanja, sme\u0161taja i carinjenja robe u uvozu i Izvozubilo da se radi o kona\u010dnom, parcijalnom ili sukcesivnom carinjenju. &#8211;\u00a0 Vr\u0161imo usluge privremeno uvoza iizvoza roba, kao i poslove aktivnog i pasivnog oplemenjivanja. Posedujemo veliku bankarsku garancijukako za uvoz, tako i za unutra\u0161nji (NT) i spoljni tranzit [&hellip;]<\/p>\n","protected":false},"author":1,"featured_media":0,"parent":0,"menu_order":0,"comment_status":"closed","ping_status":"closed","template":"","meta":{"footnotes":""},"class_list":["post-76","page","type-page","status-publish","hentry","has-post-title","has-post-date","has-post-category","has-post-tag","has-post-comment","has-post-author",""],"builder_content":"<h2 style=\"text-align: center;\">Carinsko posredovanje<\/h2> <p><strong>-\u00a0<\/strong> U oblasti carinskog posredovanja vr\u0161imo usluge prijavljivanja, sme\u0161taja i carinjenja robe u uvozu i Izvozu<br \/>bilo da se radi o kona\u010dnom, parcijalnom ili sukcesivnom carinjenju.<\/p> <p><strong>-<\/strong>\u00a0 Vr\u0161imo usluge privremeno uvoza i<br \/>izvoza roba, kao i poslove aktivnog i pasivnog oplemenjivanja. Posedujemo veliku bankarsku garanciju<br \/>kako za uvoz, tako i za unutra\u0161nji (NT) i spoljni tranzit (T1).<\/p> <p><strong>-<\/strong>\u00a0 Imamo status ovla\u0161\u0107enog primaoca i po\u0161iljaoca kod carine, \u0161to nam znatno ubrzava postupanje sa<br \/>carinskom robom.<\/p> <p><strong>-\u00a0<\/strong> Ukoliko Vam trebaju konsultantske usluge u oblasti spoljnotrgovinskog poslovanja na\u0161i licencirani<br \/>carinski zastupnici Vam stoje na raspolaganju.<\/p> <p><strong>-\u00a0<\/strong> Ve\u0107ina na\u0161ih klijenata, koji koriste na\u0161e usluge, je do\u0161la putem preporuke, na \u0161ta smo posebno ponosni.<\/p>\n<h2 style=\"text-align: center;\">Carinsko posredovanje<\/h2> <p style=\"text-align: left;\"><strong>-\u00a0<\/strong> U oblasti carinskog posredovanja vr\u0161imo usluge prijavljivanja, sme\u0161taja i carinjenja robe u uvozu i Izvozu<br \/>bilo da se radi o kona\u010dnom, parcijalnom ili sukcesivnom carinjenju.<\/p> <p style=\"text-align: left;\"><strong>-<\/strong>\u00a0 Vr\u0161imo usluge privremeno uvoza i<br \/>izvoza roba, kao i poslove aktivnog i pasivnog oplemenjivanja. Posedujemo veliku bankarsku garanciju<br \/>kako za uvoz, tako i za unutra\u0161nji (NT) i spoljni tranzit (T1).<\/p> <p style=\"text-align: left;\"><strong>-<\/strong>\u00a0 Imamo status ovla\u0161\u0107enog primaoca i po\u0161iljaoca kod carine, \u0161to nam znatno ubrzava postupanje sa<br \/>carinskom robom.<\/p> <p style=\"text-align: left;\"><strong>-\u00a0<\/strong> Ukoliko Vam trebaju konsultantske usluge u oblasti spoljnotrgovinskog poslovanja na\u0161i licencirani<br \/>carinski zastupnici Vam stoje na raspolaganju.<\/p> <p style=\"text-align: left;\"><strong>-\u00a0<\/strong> Ve\u0107ina na\u0161ih klijenata, koji koriste na\u0161e usluge, je do\u0161la putem preporuke, na \u0161ta smo posebno ponosni.<\/p>","_links":{"self":[{"href":"https:\/\/www.fenikstrade.rs\/en\/wp-json\/wp\/v2\/pages\/76","targetHints":{"allow":["GET"]}}],"collection":[{"href":"https:\/\/www.fenikstrade.rs\/en\/wp-json\/wp\/v2\/pages"}],"about":[{"href":"https:\/\/www.fenikstrade.rs\/en\/wp-json\/wp\/v2\/types\/page"}],"author":[{"embeddable":true,"href":"https:\/\/www.fenikstrade.rs\/en\/wp-json\/wp\/v2\/users\/1"}],"replies":[{"embeddable":true,"href":"https:\/\/www.fenikstrade.rs\/en\/wp-json\/wp\/v2\/comments?post=76"}],"version-history":[{"count":19,"href":"https:\/\/www.fenikstrade.rs\/en\/wp-json\/wp\/v2\/pages\/76\/revisions"}],"predecessor-version":[{"id":326,"href":"https:\/\/www.fenikstrade.rs\/en\/wp-json\/wp\/v2\/pages\/76\/revisions\/326"}],"wp:attachment":[{"href":"https:\/\/www.fenikstrade.rs\/en\/wp-json\/wp\/v2\/media?parent=76"}],"curies":[{"name":"wp","href":"https:\/\/api.w.org\/{rel}","templated":true}]}}